{"id":27,"date":"2018-10-03T09:42:50","date_gmt":"2018-10-03T09:42:50","guid":{"rendered":"https:\/\/chessandmind.com\/?page_id=27"},"modified":"2025-05-31T21:51:14","modified_gmt":"2025-05-31T21:51:14","slug":"https-chessandmind-com","status":"publish","type":"page","link":"https:\/\/chessandmind.com\/en\/","title":{"rendered":"Home"},"content":{"rendered":"<div id=\"pl-27\"  class=\"panel-layout\" ><div id=\"pg-27-0\"  class=\"panel-grid panel-no-style\" ><div id=\"pgc-27-0-0\"  class=\"panel-grid-cell panel-grid-cell-empty\" ><\/div><\/div><div id=\"pg-27-1\"  class=\"panel-grid panel-no-style\" ><div id=\"pgc-27-1-0\"  class=\"panel-grid-cell\" ><div id=\"panel-27-1-0-0\" class=\"so-panel widget widget_black-studio-tinymce widget_black_studio_tinymce panel-first-child panel-last-child widgetopts-SO\" data-index=\"1\" ><div class=\"textwidget\"><h2><span style=\"color: #0000ff;\"><span style=\"text-decoration: underline;\"><span style=\"font-size: 24pt; font-family: 'comic sans ms', sans-serif; color: #000080; text-decoration: underline;\"><strong><img loading=\"lazy\" decoding=\"async\" class=\"wp-image-17279 aligncenter\" src=\"https:\/\/chessandmind.com\/wp-content\/uploads\/2022\/04\/80222376_514993496038740_4334934556554559488_n-1-300x162.png\" alt=\"Chess and Mind\" width=\"883\" height=\"477\" srcset=\"https:\/\/chessandmind.com\/wp-content\/uploads\/2022\/04\/80222376_514993496038740_4334934556554559488_n-1-300x162.png 300w, https:\/\/chessandmind.com\/wp-content\/uploads\/2022\/04\/80222376_514993496038740_4334934556554559488_n-1-1024x552.png 1024w, https:\/\/chessandmind.com\/wp-content\/uploads\/2022\/04\/80222376_514993496038740_4334934556554559488_n-1-768x414.png 768w, https:\/\/chessandmind.com\/wp-content\/uploads\/2022\/04\/80222376_514993496038740_4334934556554559488_n-1-1536x828.png 1536w, https:\/\/chessandmind.com\/wp-content\/uploads\/2022\/04\/80222376_514993496038740_4334934556554559488_n-1-2048x1104.png 2048w, https:\/\/chessandmind.com\/wp-content\/uploads\/2022\/04\/80222376_514993496038740_4334934556554559488_n-1-18x10.png 18w, https:\/\/chessandmind.com\/wp-content\/uploads\/2022\/04\/80222376_514993496038740_4334934556554559488_n-1-600x323.png 600w\" sizes=\"auto, (max-width: 883px) 100vw, 883px\" \/><\/strong><\/span><\/span><\/span><\/h2>\n<p>Chess for a wide public, novices and experts. We offer you resources for learning and training, as wel as valuable and interesting information about chess. <a href=\"https:\/\/chessandmind.com\/en\/members\/subscribe\/\">Join our community<\/a> and take advantage of all our services. In addition, as a member of Chess and Mind, you will be able to give your opinion and participate in the debate about current chess affairs.<\/p>\n<\/div><\/div><\/div><\/div><div id=\"pg-27-2\"  class=\"panel-grid panel-no-style\" ><div id=\"pgc-27-2-0\"  class=\"panel-grid-cell\" ><div id=\"panel-27-2-0-0\" class=\"so-panel widget widget_black-studio-tinymce widget_black_studio_tinymce panel-first-child widgetopts-SO\" data-index=\"2\" ><div class=\"panel-widget-style panel-widget-style-for-27-2-0-0\" ><div class=\"textwidget\"><h2 style=\"text-align: center;\"><span style=\"color: #000000;\"><a style=\"color: #000000;\" href=\"https:\/\/chessandmind.com\/en\/aprender-ajedrez\"><span style=\"font-family: 'times new roman', times, serif;\"><span style=\"font-size: 48px;\"><i>Learn<\/i><\/span><\/span><\/a><\/span><\/h2>\n<\/div><\/div><\/div><div id=\"panel-27-2-0-1\" class=\"so-panel widget widget_black-studio-tinymce widget_black_studio_tinymce widgetopts-SO\" data-index=\"3\" ><div class=\"panel-widget-style panel-widget-style-for-27-2-0-1\" ><div class=\"textwidget\"><p style=\"text-align: center;\"><span style=\"font-family: 'times new roman', times, serif; font-size: 8pt;\"><i>\u00a0<\/i><\/span><\/p>\n<p style=\"text-align: center;\"><span style=\"font-family: 'times new roman', times, serif; font-size: 8pt;\"><i>\u00a0<\/i><\/span><\/p>\n<\/div><\/div><\/div><div id=\"panel-27-2-0-2\" class=\"so-panel widget widget_black-studio-tinymce widget_black_studio_tinymce panel-last-child widgetopts-SO\" data-index=\"4\" ><div class=\"textwidget\"><p>Learn chess in the easiest and most entertaining way. Improve your chess with high-quality teachings. Players of all levels will find adequate and profitable content. We offer you a selection of classical games, advice from experts, and a collection of didactic materials: : read, watch videos, reproduce games...<\/p>\n<p>&nbsp;<\/p>\n<\/div><\/div><\/div><\/div><div id=\"pg-27-3\"  class=\"panel-grid panel-no-style\" ><div id=\"pgc-27-3-0\"  class=\"panel-grid-cell\" ><div id=\"panel-27-3-0-0\" class=\"so-panel widget widget_black-studio-tinymce widget_black_studio_tinymce panel-first-child widgetopts-SO\" data-index=\"5\" ><div class=\"panel-widget-style panel-widget-style-for-27-3-0-0\" ><div class=\"textwidget\"><h2 style=\"text-align: center;\"><span style=\"color: #000000;\"><a style=\"color: #000000;\" href=\"https:\/\/chessandmind.com\/en\/entrenar-ajedrez\"><span style=\"font-family: 'times new roman', times, serif;\"><span style=\"font-size: 48px;\"><i>Training<\/i><\/span><\/span><\/a><\/span><\/h2>\n<\/div><\/div><\/div><div id=\"panel-27-3-0-1\" class=\"so-panel widget widget_black-studio-tinymce widget_black_studio_tinymce widgetopts-SO\" data-index=\"6\" ><div class=\"panel-widget-style panel-widget-style-for-27-3-0-1\" ><div class=\"textwidget\"><p style=\"text-align: center;\"><span style=\"font-family: 'times new roman', times, serif; font-size: 8pt;\"><i>\u00a0<\/i><\/span><\/p>\n<p style=\"text-align: center;\"><span style=\"font-family: 'times new roman', times, serif; font-size: 8pt;\"><i>\u00a0<\/i><\/span><\/p>\n<\/div><\/div><\/div><div id=\"panel-27-3-0-2\" class=\"so-panel widget widget_black-studio-tinymce widget_black_studio_tinymce panel-last-child widgetopts-SO\" data-index=\"7\" ><div class=\"textwidget\"><p style=\"text-align: center;\">The perfect place for tournament players. Practice your abilities solving chess puzzles, classified by themes and levels of difficulty: checkmate search, t\u00e1ctics, strategy, endgames... You will also find master lessons organized by the different facets of the game, In addition, we help you construct your opening repertoire with master analyses and exercises. In order to improve at chess, training is paramount. Remember that practice makes perfect!<\/p>\n<p>&nbsp;<\/p>\n<\/div><\/div><\/div><\/div><div id=\"pg-27-4\"  class=\"panel-grid panel-no-style\" ><div id=\"pgc-27-4-0\"  class=\"panel-grid-cell\" ><div id=\"panel-27-4-0-0\" class=\"so-panel widget widget_black-studio-tinymce widget_black_studio_tinymce panel-first-child widgetopts-SO\" data-index=\"8\" ><div class=\"panel-widget-style panel-widget-style-for-27-4-0-0\" ><div class=\"textwidget\"><h2 style=\"text-align: center;\"><a href=\"https:\/\/chessandmind.com\/en\/blog-de-ajedrez\"><span style=\"color: #000000; font-family: times new roman, times, serif;\"><span style=\"font-size: 48px;\"><i>Blog C&amp;M<\/i><\/span><\/span><\/a><\/h2>\n<\/div><\/div><\/div><div id=\"panel-27-4-0-1\" class=\"so-panel widget widget_black-studio-tinymce widget_black_studio_tinymce widgetopts-SO\" data-index=\"9\" ><div class=\"panel-widget-style panel-widget-style-for-27-4-0-1\" ><div class=\"textwidget\"><h2 style=\"text-align: center;\"><span style=\"font-family: 'times new roman', times, serif; font-size: 8pt;\"><i>\u00a0<\/i><\/span><\/h2>\n<h2 style=\"text-align: center;\"><span style=\"font-family: 'times new roman', times, serif; font-size: 8pt;\"><i>\u00a0<\/i><\/span><\/h2>\n<\/div><\/div><\/div><div id=\"panel-27-4-0-2\" class=\"so-panel widget widget_black-studio-tinymce widget_black_studio_tinymce panel-last-child widgetopts-SO\" data-index=\"10\" ><div class=\"textwidget\"><p style=\"text-align: center;\">Inform yourself and share your opinion about the less technical aspects of chess: politics, tournament systems, chess institutions... Moreover, in Chess and Mind we are very interested in the relationship between chess and society at large: education, science, psychology, sports, and other cultural domains. One of the main goals of this project is to understand how chess affects the mind and the mind affects chess. Join the debate!<\/p>\n<p>&nbsp;<\/p>\n<\/div><\/div><\/div><\/div><div id=\"pg-27-5\"  class=\"panel-grid panel-no-style\" ><div id=\"pgc-27-5-0\"  class=\"panel-grid-cell\" ><div id=\"panel-27-5-0-0\" class=\"so-panel widget widget_black-studio-tinymce widget_black_studio_tinymce panel-first-child widgetopts-SO\" data-index=\"11\" ><div class=\"panel-widget-style panel-widget-style-for-27-5-0-0\" ><div class=\"textwidget\"><h2 style=\"text-align: center;\"><a href=\"https:\/\/chessandmind.com\/en\/shop\/\"><span style=\"color: #000000; font-family: times new roman, times, serif;\"><span style=\"font-size: 48px;\"><i>Shop C&amp;M<\/i><\/span><\/span><\/a><\/h2>\n<\/div><\/div><\/div><div id=\"panel-27-5-0-1\" class=\"so-panel widget widget_black-studio-tinymce widget_black_studio_tinymce widgetopts-SO\" data-index=\"12\" ><div class=\"panel-widget-style panel-widget-style-for-27-5-0-1\" ><div class=\"textwidget\"><h2 style=\"text-align: center;\"><span style=\"font-family: 'times new roman', times, serif; font-size: 8pt;\"><i>\u00a0<\/i><\/span><\/h2>\n<p style=\"text-align: center;\"><span style=\"font-family: 'times new roman', times, serif; font-size: 8pt;\"><i>\u00a0<\/i><\/span><\/p>\n<\/div><\/div><\/div><div id=\"panel-27-5-0-2\" class=\"so-panel widget widget_black-studio-tinymce widget_black_studio_tinymce panel-last-child widgetopts-SO\" data-index=\"13\" ><div class=\"panel-widget-style panel-widget-style-for-27-5-0-2\" ><div class=\"textwidget\"><p>Purchase exclusive products that you will not find in any other shop or website.<\/p>\n<p>&nbsp;<\/p>\n<\/div><\/div><\/div><\/div><\/div><div id=\"pg-27-6\"  class=\"panel-grid panel-no-style\" ><div id=\"pgc-27-6-0\"  class=\"panel-grid-cell\" ><div id=\"panel-27-6-0-0\" class=\"so-panel widget widget_black-studio-tinymce widget_black_studio_tinymce panel-first-child widgetopts-SO\" data-index=\"14\" ><div class=\"panel-widget-style panel-widget-style-for-27-6-0-0\" ><div class=\"textwidget\"><h2 style=\"text-align: center;\"><a href=\"https:\/\/chessandmind.com\/en\/members\/\"><span style=\"color: #000000; font-family: times new roman, times, serif;\"><span style=\"font-size: 48px;\"><i>Members<\/i><\/span><\/span><\/a><\/h2>\n<\/div><\/div><\/div><div id=\"panel-27-6-0-1\" class=\"so-panel widget widget_black-studio-tinymce widget_black_studio_tinymce widgetopts-SO\" data-index=\"15\" ><div class=\"panel-widget-style panel-widget-style-for-27-6-0-1\" ><div class=\"textwidget\"><p style=\"text-align: center;\"><span style=\"font-family: 'times new roman', times, serif; font-size: 8pt;\"><i>\u00a0<\/i><\/span><\/p>\n<p style=\"text-align: center;\"><span style=\"font-family: 'times new roman', times, serif; font-size: 8pt;\"><i>\u00a0<\/i><\/span><\/p>\n<\/div><\/div><\/div><div id=\"panel-27-6-0-2\" class=\"so-panel widget widget_black-studio-tinymce widget_black_studio_tinymce panel-last-child widgetopts-SO\" data-index=\"16\" ><div class=\"textwidget\"><p>Become a member of Chess and Mind and benefit from all the content of this site without restrictions. It's free!<\/p>\n<p>&nbsp;<\/p>\n<\/div><\/div><\/div><\/div><\/div>","protected":false},"excerpt":{"rendered":"<p>Ajedrez para todos los p\u00fablicos, principiantes y expertos. Te ofrecemos recursos para aprender, entrenar e informarte sobre ajedrez. \u00danete a nuestra comunidad y aprov\u00e9chate de&hellip;<\/p>","protected":false},"author":1,"featured_media":17279,"parent":0,"menu_order":0,"comment_status":"closed","ping_status":"closed","template":"","meta":{"_ppp_document_settings_meta":"","cybocfi_hide_featured_image":"yes","footnotes":""},"class_list":["post-27","page","type-page","status-publish","has-post-thumbnail","hentry"],"_links":{"self":[{"href":"https:\/\/chessandmind.com\/en\/wp-json\/wp\/v2\/pages\/27","targetHints":{"allow":["GET"]}}],"collection":[{"href":"https:\/\/chessandmind.com\/en\/wp-json\/wp\/v2\/pages"}],"about":[{"href":"https:\/\/chessandmind.com\/en\/wp-json\/wp\/v2\/types\/page"}],"author":[{"embeddable":true,"href":"https:\/\/chessandmind.com\/en\/wp-json\/wp\/v2\/users\/1"}],"replies":[{"embeddable":true,"href":"https:\/\/chessandmind.com\/en\/wp-json\/wp\/v2\/comments?post=27"}],"version-history":[{"count":120,"href":"https:\/\/chessandmind.com\/en\/wp-json\/wp\/v2\/pages\/27\/revisions"}],"predecessor-version":[{"id":20428,"href":"https:\/\/chessandmind.com\/en\/wp-json\/wp\/v2\/pages\/27\/revisions\/20428"}],"wp:featuredmedia":[{"embeddable":true,"href":"https:\/\/chessandmind.com\/en\/wp-json\/wp\/v2\/media\/17279"}],"wp:attachment":[{"href":"https:\/\/chessandmind.com\/en\/wp-json\/wp\/v2\/media?parent=27"}],"curies":[{"name":"wp","href":"https:\/\/api.w.org\/{rel}","templated":true}]}}