{"id":514,"date":"2018-10-13T08:51:15","date_gmt":"2018-10-13T08:51:15","guid":{"rendered":"https:\/\/chessandmind.com\/?page_id=514"},"modified":"2020-11-06T20:21:58","modified_gmt":"2020-11-06T20:21:58","slug":"eric-sos","status":"publish","type":"page","link":"https:\/\/chessandmind.com\/en\/about-cym\/eric-sos","title":{"rendered":"Eric Sos"},"content":{"rendered":"<p style=\"text-align: center;\"><span style=\"text-decoration: underline;\">Eric Sos<\/span> es un <span style=\"text-decoration: underline;\">Maestro Internacional<\/span> espa\u00f1ol y director t\u00e9cnico del proyecto chess and mind.<\/p>\n<p>Ahora puedes entrenar personalmente con Eric. \u00a1No dudes en <a href=\"https:\/\/chessandmind.com\/en\/contacto\/\"><span style=\"text-decoration: underline;\">contactar<\/span><\/a>!<\/p>\n<p><a href=\"https:\/\/chessandmind.com\/en\/contacto\/\"><img loading=\"lazy\" decoding=\"async\" class=\"wp-image-940 alignright\" src=\"https:\/\/chessandmind.com\/wp-content\/uploads\/2018\/11\/45553250_329342160981265_5849240635285962752_n-300x172.jpg\" alt=\"\" width=\"354\" height=\"203\" srcset=\"https:\/\/chessandmind.com\/wp-content\/uploads\/2018\/11\/45553250_329342160981265_5849240635285962752_n-300x172.jpg 300w, https:\/\/chessandmind.com\/wp-content\/uploads\/2018\/11\/45553250_329342160981265_5849240635285962752_n-600x343.jpg 600w, https:\/\/chessandmind.com\/wp-content\/uploads\/2018\/11\/45553250_329342160981265_5849240635285962752_n-768x440.jpg 768w, https:\/\/chessandmind.com\/wp-content\/uploads\/2018\/11\/45553250_329342160981265_5849240635285962752_n.jpg 807w\" sizes=\"auto, (max-width: 354px) 100vw, 354px\" \/><\/a><\/p>\n<ul>\n<li>Crea y perfecciona tu propio repertorio de aperturas.<\/li>\n<li>Aprende conceptos ajedrec\u00edsticos, estrategia y evaluaci\u00f3n posicional.<\/li>\n<li>Mejora tus habilidades anal\u00edticas, capacidad de c\u00e1lculo y proceso de pensamiento.<\/li>\n<li>Resuelve dudas individuales y preguntas, haz propuestas, pide consejo o asesoramiento&#8230;<\/li>\n<\/ul>\n<p>&nbsp;<\/p>\n<p>&nbsp;<\/p>\n<hr \/>\n<p style=\"text-align: center;\"><span style=\"text-decoration: underline;\">Resumen del Palmar\u00e9s deportivo de Eric<\/span><\/p>\n<p style=\"text-align: left;\">Actuaciones destacadas en campeonatos provinciales y auton\u00f3micos:<\/p>\n<p><img loading=\"lazy\" decoding=\"async\" class=\"size-medium wp-image-99 alignright\" src=\"https:\/\/chessandmind.com\/wp-content\/uploads\/2018\/10\/fide-master-eric-sos-andreu-castellon-ahora-ajedrez-300x300.jpg\" alt=\"\" width=\"300\" height=\"300\" srcset=\"https:\/\/chessandmind.com\/wp-content\/uploads\/2018\/10\/fide-master-eric-sos-andreu-castellon-ahora-ajedrez-300x300.jpg 300w, https:\/\/chessandmind.com\/wp-content\/uploads\/2018\/10\/fide-master-eric-sos-andreu-castellon-ahora-ajedrez-100x100.jpg 100w, https:\/\/chessandmind.com\/wp-content\/uploads\/2018\/10\/fide-master-eric-sos-andreu-castellon-ahora-ajedrez-150x150.jpg 150w, https:\/\/chessandmind.com\/wp-content\/uploads\/2018\/10\/fide-master-eric-sos-andreu-castellon-ahora-ajedrez.jpg 500w\" sizes=\"auto, (max-width: 300px) 100vw, 300px\" \/><\/p>\n<ul style=\"text-align: left;\">\n<li style=\"text-align: left;\">Sobrepasa el Elo m\u00e1ximo de la historia de la provincia de Castel\u00f3n a los 20 a\u00f1os en 2014.<\/li>\n<li>Campe\u00f3n auton\u00f3mico de la Comunidad Valenciana 2015.<\/li>\n<li style=\"text-align: left;\">Campe\u00f3n auton\u00f3mico de la Comunidad Valenciana por equipos con el C\u00edrculo Mercantil de Castell\u00f3n en 2016, jugando en el primer tablero.<\/li>\n<li style=\"text-align: left;\">En Campe\u00f3n auton\u00f3mico de la Comunidad Valenciana por equipos con el Laboratorio SyS Paterna en 2017 y 2018.<\/li>\n<\/ul>\n<p style=\"text-align: left;\">Actuaciones destacadas en plano nacional e internacional:<\/p>\n<ul>\n<li style=\"text-align: left;\">Noveno en el campeonato Iberoamericano (campeonato oficial de la FIDE de paises de habla hispana), y norma de Gran Maestro, 2014.<\/li>\n<li style=\"text-align: left;\">Campe\u00f3n del Magistral Internacional Ciudad de Hell\u00edn.<\/li>\n<li style=\"text-align: left;\">Campe\u00f3n del Magistral Internacional de Alcossebre 2015.<\/li>\n<\/ul>","protected":false},"excerpt":{"rendered":"<p>Eric Sos es un Maestro Internacional espa\u00f1ol y director t\u00e9cnico del proyecto chess and mind. Ahora puedes entrenar personalmente con Eric. \u00a1No dudes en contactar!&hellip;<\/p>","protected":false},"author":1,"featured_media":0,"parent":14853,"menu_order":0,"comment_status":"closed","ping_status":"closed","template":"","meta":{"_ppp_document_settings_meta":"","cybocfi_hide_featured_image":"","footnotes":""},"class_list":["post-514","page","type-page","status-publish","hentry"],"_links":{"self":[{"href":"https:\/\/chessandmind.com\/en\/wp-json\/wp\/v2\/pages\/514","targetHints":{"allow":["GET"]}}],"collection":[{"href":"https:\/\/chessandmind.com\/en\/wp-json\/wp\/v2\/pages"}],"about":[{"href":"https:\/\/chessandmind.com\/en\/wp-json\/wp\/v2\/types\/page"}],"author":[{"embeddable":true,"href":"https:\/\/chessandmind.com\/en\/wp-json\/wp\/v2\/users\/1"}],"replies":[{"embeddable":true,"href":"https:\/\/chessandmind.com\/en\/wp-json\/wp\/v2\/comments?post=514"}],"version-history":[{"count":22,"href":"https:\/\/chessandmind.com\/en\/wp-json\/wp\/v2\/pages\/514\/revisions"}],"predecessor-version":[{"id":1571,"href":"https:\/\/chessandmind.com\/en\/wp-json\/wp\/v2\/pages\/514\/revisions\/1571"}],"up":[{"embeddable":true,"href":"https:\/\/chessandmind.com\/en\/wp-json\/wp\/v2\/pages\/14853"}],"wp:attachment":[{"href":"https:\/\/chessandmind.com\/en\/wp-json\/wp\/v2\/media?parent=514"}],"curies":[{"name":"wp","href":"https:\/\/api.w.org\/{rel}","templated":true}]}}