{"id":699,"date":"2018-10-16T09:02:53","date_gmt":"2018-10-16T09:02:53","guid":{"rendered":"https:\/\/chessandmind.com\/?page_id=699"},"modified":"2022-04-26T17:40:46","modified_gmt":"2022-04-26T17:40:46","slug":"aprender-ajedrez","status":"publish","type":"page","link":"https:\/\/chessandmind.com\/en\/aprender-ajedrez","title":{"rendered":"Learn"},"content":{"rendered":"<div id=\"pl-699\"  class=\"panel-layout\" ><div id=\"pg-699-0\"  class=\"panel-grid panel-no-style\" ><div id=\"pgc-699-0-0\"  class=\"panel-grid-cell\" ><div id=\"panel-699-0-0-0\" class=\"so-panel widget widget_black-studio-tinymce widget_black_studio_tinymce panel-first-child widgetopts-SO\" data-index=\"0\" ><div class=\"panel-widget-style panel-widget-style-for-699-0-0-0\" ><div class=\"textwidget\"><h2 style=\"text-align: center;\"><span style=\"color: #eb773d; font-family: times new roman, times, serif;\"><span style=\"font-size: 48px;\"><i>\u00a0<\/i><\/span><\/span><\/h2>\n<h2 style=\"text-align: center;\"><span style=\"color: #eb773d; font-family: times new roman, times, serif;\"><span style=\"font-size: 48px;\"><i>\u00a0<\/i><\/span><\/span><\/h2>\n<table style=\"border-collapse: collapse; width: 100%;\">\n<tbody>\n<tr>\n<td style=\"width: 100%;\">\n<h1 style=\"text-align: center;\"><strong><span style=\"color: #0000ff; font-family: times new roman, times, serif;\"><span style=\"font-size: 48px;\"><i><span style=\"color: #000000;\">Learn <\/span><\/i><\/span><\/span><span style=\"color: #000000;\"><em><span style=\"font-size: 36pt;\"><span style=\"font-family: 'times new roman', times, serif;\">chess<\/span><\/span><\/em><\/span><\/strong><\/h1>\n<\/td>\n<\/tr>\n<\/tbody>\n<\/table>\n<h1 style=\"text-align: center;\"><\/h1>\n<\/div><\/div><\/div><div id=\"panel-699-0-0-1\" class=\"so-panel widget widget_text panel-last-child widgetopts-SO\" data-index=\"1\" >\t\t\t<div class=\"textwidget\"><p>We introduce you to our resources for learning chess. Feel free to click on the pertinent section in order to access the content: initiation, classics, multimedia and advice. If you wish to, you can also go directly to the post of your interest. On the left side you can explore our categories; on the right you will see the most recent posts. For a more integral learning, it's advisable to combine different methods. We hope you have a productive experience!<\/p>\n<p>&nbsp;<\/p>\n<\/div>\n\t\t<\/div><\/div><\/div><div id=\"pg-699-1\"  class=\"panel-grid panel-no-style\" ><div id=\"pgc-699-1-0\"  class=\"panel-grid-cell panel-grid-cell-empty\" ><\/div><\/div><div id=\"pg-699-2\"  class=\"panel-grid panel-no-style\" ><div id=\"pgc-699-2-0\"  class=\"panel-grid-cell panel-grid-cell-empty\" ><\/div><\/div><div id=\"pg-699-3\"  class=\"panel-grid panel-no-style\" ><div id=\"pgc-699-3-0\"  class=\"panel-grid-cell\" ><div id=\"panel-699-3-0-0\" class=\"so-panel widget widget_black-studio-tinymce widget_black_studio_tinymce panel-first-child widgetopts-SO\" data-index=\"4\" ><div class=\"panel-widget-style panel-widget-style-for-699-3-0-0\" ><div class=\"textwidget\"><h2 style=\"text-align: center;\"><span style=\"color: #e3e320; font-family: times new roman, times, serif;\"><span style=\"font-size: 48px;\"><i>\u00a0<\/i><\/span><\/span><\/h2><\/div><\/div><\/div><div id=\"panel-699-3-0-1\" class=\"so-panel widget widget_text panel-last-child widgetopts-SO\" data-index=\"5\" >\t\t\t<div class=\"textwidget\"><div data-weight=\"1\">\n<div data-weight=\"1\">\n<div id=\"pl-14850\" class=\"panel-layout\" style=\"text-align: center;\">\n<div id=\"pg-14850-0\" class=\"panel-grid panel-no-style\">\n<div style=\"text-align: center;\" data-weight=\"1\">\n<div id=\"pl-14850\" class=\"panel-layout\" style=\"text-align: center;\">\n<div data-weight=\"1\">\n<div id=\"pl-14850\" class=\"panel-layout\" style=\"text-align: center;\">\n<div id=\"pg-14850-0\" class=\"panel-grid panel-no-style\"><\/div>\n<\/div>\n<\/div>\n<\/div>\n<div data-weight=\"1\">\n<div id=\"pl-14850\" class=\"panel-layout\" style=\"text-align: center;\">\n<div id=\"pg-14850-0\" class=\"panel-grid panel-no-style\">\n<div data-weight=\"1\">Learn to play chess! We teach you from the very first steps. Get acquainted with the chess board, master the movement of the pieces, learn to read and write the moves, and understand the checkmate. We offer you games and exercises for learning interactively and effortlessly. In addition, we will also teach you the fundamentals and the basic concepts of chess. These simple notions are not only useful in chess, but they will also help you understand critical thinking in general. Playing chess is one of the most entertaining ways to exercise your mind!Learn to play chess! We teach you from the very first steps. Get acquainted with the chess board, master the movement of the pieces, learn to read and write the moves, and understand the checkmate. We offer you games and exercises for learning interactively and effortlessly. In addition, we will also teach you the fundamentals and the basic concepts of chess. These simple notions are not only useful in chess, but they will also help you understand critical thinking in general. Playing chess is one of the most entertaining ways to exercise your mind!<\/div>\n<\/div>\n<div data-weight=\"1\"><\/div>\n<\/div>\n<\/div>\n<\/div>\n<\/div>\n<\/div>\n<\/div>\n<\/div>\n<\/div>\n\t\t<\/div><\/div><\/div><div id=\"pg-699-4\"  class=\"panel-grid panel-no-style\" ><div id=\"pgc-699-4-0\"  class=\"panel-grid-cell panel-grid-cell-empty\" ><\/div><\/div><div id=\"pg-699-5\"  class=\"panel-grid panel-no-style\" ><div id=\"pgc-699-5-0\"  class=\"panel-grid-cell panel-grid-cell-empty panel-grid-cell-mobile-last\" ><\/div><div id=\"pgc-699-5-1\"  class=\"panel-grid-cell panel-grid-cell-empty\" ><\/div><\/div><div id=\"pg-699-6\"  class=\"panel-grid panel-no-style\" ><div id=\"pgc-699-6-0\"  class=\"panel-grid-cell panel-grid-cell-empty\" ><\/div><\/div><div id=\"pg-699-7\"  class=\"panel-grid panel-no-style\" ><div id=\"pgc-699-7-0\"  class=\"panel-grid-cell panel-grid-cell-empty\" ><\/div><\/div><div id=\"pg-699-8\"  class=\"panel-grid panel-no-style\" ><div id=\"pgc-699-8-0\"  class=\"panel-grid-cell\" ><div id=\"panel-699-8-0-0\" class=\"so-panel widget widget_black-studio-tinymce widget_black_studio_tinymce panel-first-child widgetopts-SO\" data-index=\"12\" ><div class=\"panel-widget-style panel-widget-style-for-699-8-0-0\" ><div class=\"textwidget\"><h2 style=\"text-align: center;\"><span style=\"color: #ffffff; font-family: times new roman, times, serif;\"><span style=\"font-size: 48px;\"><i>\u00a0<\/i><\/span><\/span><\/h2>\n<\/div><\/div><\/div><div id=\"panel-699-8-0-1\" class=\"so-panel widget widget_text panel-last-child widgetopts-SO\" data-index=\"13\" >\t\t\t<div class=\"textwidget\"><div data-weight=\"1\">\n<div data-weight=\"1\">\n<div id=\"pl-14850\" class=\"panel-layout\" style=\"text-align: center;\">\n<div id=\"pg-14850-0\" class=\"panel-grid panel-no-style\">\n<div style=\"text-align: center;\" data-weight=\"1\">\n<div id=\"pl-14850\" class=\"panel-layout\" style=\"text-align: center;\">\n<div data-weight=\"1\">\n<div id=\"pl-14850\" class=\"panel-layout\" style=\"text-align: center;\">\n<div id=\"pg-14850-0\" class=\"panel-grid panel-no-style\"><\/div>\n<\/div>\n<\/div>\n<\/div>\n<div data-weight=\"1\">\n<div id=\"pl-14850\" class=\"panel-layout\" style=\"text-align: center;\">\n<div id=\"pg-14850-0\" class=\"panel-grid panel-no-style\">\n<div data-weight=\"1\">Enjoy classical games and the history of chess. This section contains a series of annotated master games that are greatly instructive. Besides, you will find stories of relating to chess games, as well as stories of chess events and personalities.  Classics fulfill a multiple role: on the one hand, they motivate the student and provide role models; on the other, they are a source of technical ideas for analysis. Moreover, the history of chess has an intrinic cultural value. You don't need to be a chess master to have an interest in it. The idea is to learn from the experience of the masters, past and present.<\/div>\n<\/div>\n<\/div>\n<\/div>\n<\/div>\n<\/div>\n<\/div>\n<\/div>\n<\/div>\n<\/div>\n\t\t<\/div><\/div><\/div><div id=\"pg-699-9\"  class=\"panel-grid panel-no-style\" ><div id=\"pgc-699-9-0\"  class=\"panel-grid-cell panel-grid-cell-empty\" ><\/div><\/div><div id=\"pg-699-10\"  class=\"panel-grid panel-no-style\" ><div id=\"pgc-699-10-0\"  class=\"panel-grid-cell panel-grid-cell-empty panel-grid-cell-mobile-last\" ><\/div><div id=\"pgc-699-10-1\"  class=\"panel-grid-cell panel-grid-cell-empty\" ><\/div><\/div><div id=\"pg-699-11\"  class=\"panel-grid panel-no-style\" ><div id=\"pgc-699-11-0\"  class=\"panel-grid-cell panel-grid-cell-empty\" ><\/div><\/div><div id=\"pg-699-12\"  class=\"panel-grid panel-no-style\" ><div id=\"pgc-699-12-0\"  class=\"panel-grid-cell panel-grid-cell-empty\" ><\/div><\/div><div id=\"pg-699-13\"  class=\"panel-grid panel-no-style\" ><div id=\"pgc-699-13-0\"  class=\"panel-grid-cell\" ><div id=\"panel-699-13-0-0\" class=\"so-panel widget widget_black-studio-tinymce widget_black_studio_tinymce panel-first-child widgetopts-SO\" data-index=\"20\" ><div class=\"panel-widget-style panel-widget-style-for-699-13-0-0\" ><div class=\"textwidget\"><h2 style=\"text-align: center;\"><span style=\"font-family: times new roman, times, serif;\"><span style=\"font-size: 48px;\"><i>\u00a0<\/i><\/span><\/span><\/h2>\n<\/div><\/div><\/div><div id=\"panel-699-13-0-1\" class=\"so-panel widget widget_text panel-last-child widgetopts-SO\" data-index=\"21\" >\t\t\t<div class=\"textwidget\"><div id=\"pl-14850\" class=\"panel-layout\" style=\"text-align: center;\">\n<div data-weight=\"1\">\n<div id=\"pl-14850\" class=\"panel-layout\" style=\"text-align: center;\">\n<div id=\"pg-14850-0\" class=\"panel-grid panel-no-style\"><\/div>\n<\/div>\n<\/div>\n<\/div>\n<div data-weight=\"1\">\n<div id=\"pl-14850\" class=\"panel-layout\" style=\"text-align: center;\">\n<div id=\"pg-14850-0\" class=\"panel-grid panel-no-style\">\n<div data-weight=\"1\">Visit the Chess and Mind library! In this section you will find multimedia materials about chess: videos, photos, game viewers, classical books etc. Not only you will learn chess with them, but you will also be able to explore chess culture and history. Chess has a centernarian history, and it is the most popular intelectual game in the world. Every day, millions of games are played, but its possibilities are virtually unlimited. Enjoy it!<\/div>\n<\/div>\n<\/div>\n<\/div>\n<\/div>\n\t\t<\/div><\/div><\/div><div id=\"pg-699-14\"  class=\"panel-grid panel-no-style\" ><div id=\"pgc-699-14-0\"  class=\"panel-grid-cell panel-grid-cell-empty\" ><\/div><\/div><div id=\"pg-699-15\"  class=\"panel-grid panel-no-style\" ><div id=\"pgc-699-15-0\"  class=\"panel-grid-cell panel-grid-cell-empty panel-grid-cell-mobile-last\" ><\/div><div id=\"pgc-699-15-1\"  class=\"panel-grid-cell panel-grid-cell-empty\" ><\/div><\/div><div id=\"pg-699-16\"  class=\"panel-grid panel-no-style\" ><div id=\"pgc-699-16-0\"  class=\"panel-grid-cell panel-grid-cell-empty\" ><\/div><\/div><div id=\"pg-699-17\"  class=\"panel-grid panel-no-style\" ><div id=\"pgc-699-17-0\"  class=\"panel-grid-cell panel-grid-cell-empty\" ><\/div><\/div><div id=\"pg-699-18\"  class=\"panel-grid panel-no-style\" ><div id=\"pgc-699-18-0\"  class=\"panel-grid-cell\" ><div id=\"panel-699-18-0-0\" class=\"so-panel widget widget_black-studio-tinymce widget_black_studio_tinymce panel-first-child widgetopts-SO\" data-index=\"28\" ><div class=\"panel-widget-style panel-widget-style-for-699-18-0-0\" ><div class=\"textwidget\"><h2 style=\"text-align: center;\"><span style=\"color: #cc99ff; font-family: times new roman, times, serif;\"><span style=\"font-size: 48px;\"><i>\u00a0<\/i><\/span><\/span><\/h2>\n<\/div><\/div><\/div><div id=\"panel-699-18-0-1\" class=\"so-panel widget widget_text panel-last-child widgetopts-SO\" data-index=\"29\" >\t\t\t<div class=\"textwidget\"><div id=\"pl-14850\" class=\"panel-layout\" style=\"text-align: center;\">\n<div data-weight=\"1\">\n<div id=\"pl-14850\" class=\"panel-layout\" style=\"text-align: center;\">\n<div id=\"pg-14850-0\" class=\"panel-grid panel-no-style\"><\/div>\n<\/div>\n<\/div>\n<\/div>\n<div data-weight=\"1\">\n<div id=\"pl-14850\" class=\"panel-layout\" style=\"text-align: center;\">\n<div id=\"pg-14850-0\" class=\"panel-grid panel-no-style\">\n<div data-weight=\"1\">We offer you practica advice to improve your chess! In this segment, you will find tutorials, guides, lists and other resources to improve your chess level: training methods, opening preparation, nutrition, f\u00edsical conditioning... Experts and chess masters inform you on how to improve all aspects of chess preparation, based on science and personal experience. Our advice is aimed to players of all levels, including elite players!<\/div>\n<\/div>\n<\/div>\n<\/div>\n<\/div>\n\t\t<\/div><\/div><\/div><div id=\"pg-699-19\"  class=\"panel-grid panel-no-style\" ><div id=\"pgc-699-19-0\"  class=\"panel-grid-cell panel-grid-cell-empty\" ><\/div><\/div><div id=\"pg-699-20\"  class=\"panel-grid panel-no-style\" ><div id=\"pgc-699-20-0\"  class=\"panel-grid-cell panel-grid-cell-empty panel-grid-cell-mobile-last\" ><\/div><div id=\"pgc-699-20-1\"  class=\"panel-grid-cell panel-grid-cell-empty\" ><\/div><\/div><div id=\"pg-699-21\"  class=\"panel-grid panel-no-style\" ><div id=\"pgc-699-21-0\"  class=\"panel-grid-cell panel-grid-cell-empty\" ><\/div><\/div><div id=\"pg-699-22\"  class=\"panel-grid panel-no-style\" ><div id=\"pgc-699-22-0\"  class=\"panel-grid-cell panel-grid-cell-empty\" ><\/div><\/div><div id=\"pg-699-23\"  class=\"panel-grid panel-no-style\" ><div id=\"pgc-699-23-0\"  class=\"panel-grid-cell\" ><div id=\"panel-699-23-0-0\" class=\"so-panel widget widget_black-studio-tinymce widget_black_studio_tinymce panel-first-child widgetopts-SO\" data-index=\"34\" ><div class=\"panel-widget-style panel-widget-style-for-699-23-0-0\" ><div class=\"textwidget\"><h2 style=\"text-align: center;\"><em><span style=\"font-size: 24pt;\">Quick guide to learn chess<\/span><\/em><\/h2>\n<\/div><\/div><\/div><div id=\"panel-699-23-0-1\" class=\"so-panel widget widget_black-studio-tinymce widget_black_studio_tinymce widgetopts-SO\" data-index=\"35\" ><div class=\"panel-widget-style panel-widget-style-for-699-23-0-1\" ><div class=\"textwidget\"><h2 style=\"text-align: center;\"><span style=\"font-family: 'times new roman', times, serif; font-size: 24pt;\"><i>\u00a0<\/i><\/span><\/h2>\n<\/div><\/div><\/div><div id=\"panel-699-23-0-2\" class=\"so-panel widget widget_black-studio-tinymce widget_black_studio_tinymce panel-last-child widgetopts-SO\" data-index=\"36\" ><div class=\"textwidget\"><h3><span style=\"font-size: 12pt;\"><strong>1. Learn chess from the experts<\/strong><\/span><\/h3>\n<p>It is well-known that the advice of masters can be very beneficial in one's beginnings. However, even advanced players may benefit from the feedback and the expertise of their colleagues. Nevertheless, don't limit yourself to following guidelines. Experiment and try your own ideas. Trust but verify!<\/p>\n<h3><span style=\"font-size: 12pt;\"><strong>2. Use a variety of resources to learn chess<\/strong><\/span><\/h3>\n<p>Utilize physical materials as well as virtual ones: <a href=\"https:\/\/www.youtube.com\/channel\/UCqGzMim2xHrrhloZE5k8VkA\" target=\"_blank\" rel=\"noopener\">videos<\/a>, software, online resources etc. In chess, like in other disciplines, the learning is more enjoyable and memorable when it's multisensory. In addition, exposing yourself to different media offers you different perspectives and relatable elements. In other words, the more complete and diverse the experience is, the better!<\/p>\n<h3><span style=\"font-size: 12pt;\"><strong>3. Study the classics of chess<\/strong><\/span><\/h3>\n<p>Like any other intellectual discipline, chess has experimented a cultural evolution. Ideas, styles and methods did not come out of thin air. Future generations have the privilege to benefit from all this cultural heritage. On top of that, the ideas from our ancestors get to us well-selected, distilled and improved. There is no better way to learn!<\/p>\n<h3><span style=\"font-size: 12pt;\"><strong>4. Master the fundamentals<\/strong><\/span><\/h3>\n<p>Es casi imposible exagerar la importancia de una buena base en ajedrez. Algunos maestros incluso bromean diciendo que en ajedrez gana el que mejor se sabe las reglas. El ajedrez es un juego de l\u00f3gica. Por lo tanto, al igual que las matem\u00e1ticas, en ajedrez las conclusiones se construyen de ideas m\u00e1s simples. Trata de entender a fondo los conceptos m\u00e1s simples.<\/p>\n<h3><span style=\"font-size: 12pt;\"><strong>5. Not only study, also train!<\/strong> <\/span><\/h3>\n<p>It is natural to think that being chess and intellectual activity, one makes progress by studying. Actually, competitive chess is an ability! You will need more and more practice along with your learning. Work on mastering basic tactics, endgames, strategic concepts, and practice your openings repertoire.\u00a0<a href=\"https:\/\/chessandmind.com\/en\/entrenar-ajedrez\/\">Trabaja en dominar bien las t\u00e1cticas b\u00e1sicas, finales, conceptos estrat\u00e9gicos, y practica tu repertorio de aperturas<\/a>.<\/p>\n<h3><strong><span style=\"font-size: 12pt;\">6. Enjoy the process<\/span><\/strong><\/h3>\n<p>According to Magnus Carlsen, the current Chess World Champion, this is the most important. Chess is a game, and as such it must be enjoyed. Moreover, enjoyment promotes motivation, and this contributes to perseverence. Chess is a complicated game, and mastery comes with time. The path is long, so enjoy it!<\/p>\n<\/div><\/div><\/div><\/div><\/div>","protected":false},"excerpt":{"rendered":"<p>Aprender ajedrez: initiation, classical games, multimedia resources, expert advice.<\/p>","protected":false},"author":1,"featured_media":15621,"parent":0,"menu_order":0,"comment_status":"closed","ping_status":"closed","template":"","meta":{"_ppp_document_settings_meta":"","cybocfi_hide_featured_image":"yes","footnotes":""},"class_list":["post-699","page","type-page","status-publish","has-post-thumbnail","hentry"],"_links":{"self":[{"href":"https:\/\/chessandmind.com\/en\/wp-json\/wp\/v2\/pages\/699","targetHints":{"allow":["GET"]}}],"collection":[{"href":"https:\/\/chessandmind.com\/en\/wp-json\/wp\/v2\/pages"}],"about":[{"href":"https:\/\/chessandmind.com\/en\/wp-json\/wp\/v2\/types\/page"}],"author":[{"embeddable":true,"href":"https:\/\/chessandmind.com\/en\/wp-json\/wp\/v2\/users\/1"}],"replies":[{"embeddable":true,"href":"https:\/\/chessandmind.com\/en\/wp-json\/wp\/v2\/comments?post=699"}],"version-history":[{"count":121,"href":"https:\/\/chessandmind.com\/en\/wp-json\/wp\/v2\/pages\/699\/revisions"}],"predecessor-version":[{"id":17619,"href":"https:\/\/chessandmind.com\/en\/wp-json\/wp\/v2\/pages\/699\/revisions\/17619"}],"wp:featuredmedia":[{"embeddable":true,"href":"https:\/\/chessandmind.com\/en\/wp-json\/wp\/v2\/media\/15621"}],"wp:attachment":[{"href":"https:\/\/chessandmind.com\/en\/wp-json\/wp\/v2\/media?parent=699"}],"curies":[{"name":"wp","href":"https:\/\/api.w.org\/{rel}","templated":true}]}}