{"id":16283,"date":"2021-08-12T15:04:26","date_gmt":"2021-08-12T15:04:26","guid":{"rendered":"https:\/\/chessandmind.com\/?post_type=product&#038;p=16283"},"modified":"2025-05-31T21:24:45","modified_gmt":"2025-05-31T21:24:45","slug":"repertorio-1-d4-completo-por-el-m-i-eric-sos","status":"publish","type":"product","link":"https:\/\/chessandmind.com\/en\/product\/repertorio-1-d4-completo-por-el-m-i-eric-sos","title":{"rendered":"Repertorio 1.d4 completo por el M.I. Eric Sos"},"content":{"rendered":"<p style=\"text-align: center;\"><span style=\"text-decoration: underline; font-family: georgia, palatino, serif; font-size: 24pt;\">\u00cdndice del curso<\/span><\/p>\n<p>&nbsp;<\/p>\n<table style=\"border-collapse: collapse; width: 100%;\">\n<tbody>\n<tr>\n<td style=\"width: 50%;\"><strong><span style=\"font-size: 18pt; font-family: 'book antiqua', palatino, serif;\">\u00a0 \u00a0 \u00a0 \u00a0 \u00a0 \u00a0 <span style=\"text-decoration: underline;\">1. Defensa Eslava<\/span><\/span><\/strong><\/p>\n<p><strong><span style=\"font-size: 18pt; font-family: 'book antiqua', palatino, serif;\">\u00a0 \u00a0 \u00a0 \u00a0 \u00a0 \u00a0 &#8211; 1.A) 4&#8230;Ag4<\/span><\/strong><\/p>\n<p><strong><span style=\"font-size: 18pt; font-family: 'book antiqua', palatino, serif;\">\u00a0 \u00a0 \u00a0 \u00a0 \u00a0 \u00a0 &#8211; 1.B) 4&#8230;Af5<\/span><\/strong><\/td>\n<td style=\"width: 50%;\"><strong><span style=\"font-size: 18pt; font-family: 'book antiqua', palatino, serif;\">\u00a0 \u00a0 \u00a0 \u00a0 \u00a0 \u00a0 \u00a0<span style=\"text-decoration: underline;\">2. Sistema Zukertort<\/span><\/span><\/strong><\/p>\n<p><strong><span style=\"font-size: 18pt; font-family: 'book antiqua', palatino, serif;\">\u00a0 \u00a0 \u00a0 \u00a0 \u00a0 \u00a0 \u00a0&#8211; 2.A) La Ortodoxa<\/span><\/strong><\/p>\n<p><strong><span style=\"font-size: 18pt; font-family: 'book antiqua', palatino, serif;\">\u00a0 \u00a0 \u00a0 \u00a0 \u00a0 \u00a0 \u00a0&#8211; 2.B) Semieslava<\/span><\/strong><\/td>\n<\/tr>\n<tr>\n<td style=\"width: 50%;\"><strong><span style=\"font-size: 18pt; font-family: 'book antiqua', palatino, serif;\">\u00a0\u00a0\u00a0\u00a0\u00a0\u00a0\u00a0\u00a0\u00a0\u00a0\u00a0\u00a0 <span style=\"text-decoration: underline;\">3. Secundarias con 1&#8230;d5<\/span><\/span><\/strong><\/p>\n<p><strong><span style=\"font-size: 18pt; font-family: 'book antiqua', palatino, serif;\">\u00a0 \u00a0 \u00a0 \u00a0 \u00a0 \u00a0 \u00a0&#8211; 3.A) Gambito Albin<\/span><\/strong><\/p>\n<p><strong><span style=\"font-size: 18pt; font-family: 'book antiqua', palatino, serif;\">\u00a0 \u00a0 \u00a0 \u00a0 \u00a0 \u00a0 \u00a0&#8211; 3.B) Defensa Schlechter<\/span><\/strong><\/p>\n<p><strong><span style=\"font-size: 18pt; font-family: 'book antiqua', palatino, serif;\">\u00a0 \u00a0 \u00a0 \u00a0 \u00a0 \u00a0 \u00a0&#8211; 3.C) Defensa Chebanenko<\/span><\/strong><\/p>\n<p><strong><span style=\"font-size: 18pt; font-family: 'book antiqua', palatino, serif;\">\u00a0 \u00a0 \u00a0 \u00a0 \u00a0 \u00a0 \u00a0&#8211; 3.D) Defensa Chigorin<\/span><\/strong><\/p>\n<p><strong><span style=\"font-size: 18pt; font-family: 'book antiqua', palatino, serif;\">\u00a0 \u00a0 \u00a0 \u00a0 \u00a0 \u00a0 \u00a0&#8211; 3.E) Gambito de dama aceptado<\/span><\/strong><\/td>\n<td style=\"width: 50%;\"><strong><span style=\"font-size: 18pt; font-family: 'book antiqua', palatino, serif;\">\u00a0\u00a0\u00a0\u00a0\u00a0\u00a0\u00a0\u00a0\u00a0\u00a0\u00a0\u00a0 <span style=\"text-decoration: underline;\">4. Benoni\/Volga<\/span><\/span><\/strong><\/p>\n<p><strong><span style=\"font-size: 18pt; font-family: 'book antiqua', palatino, serif;\">\u00a0 \u00a0 \u00a0 \u00a0 \u00a0 \u00a0 \u00a0&#8211; 4.A) Ataque Panov<\/span><\/strong><\/p>\n<p><strong><span style=\"font-size: 18pt; font-family: 'book antiqua', palatino, serif;\">\u00a0 \u00a0 \u00a0 \u00a0 \u00a0 \u00a0 \u00a0&#8211; 4.B) 3&#8230;g6<\/span><\/strong><\/p>\n<p><strong><span style=\"font-size: 18pt; font-family: 'book antiqua', palatino, serif;\">\u00a0 \u00a0 \u00a0 \u00a0 \u00a0 \u00a0 \u00a0&#8211; 4.C) Irregulares<\/span><\/strong><\/td>\n<\/tr>\n<tr>\n<td style=\"width: 50%;\"><strong><span style=\"font-size: 18pt; font-family: 'book antiqua', palatino, serif;\">\u00a0\u00a0\u00a0\u00a0\u00a0\u00a0\u00a0\u00a0\u00a0\u00a0\u00a0\u00a0 <span style=\"text-decoration: underline;\">5. Gambito Budapest<\/span><\/span><\/strong><\/p>\n<p><strong><span style=\"font-size: 18pt; font-family: 'book antiqua', palatino, serif;\">\u00a0 \u00a0 \u00a0 \u00a0 \u00a0 \u00a0 \u00a0&#8211; 5.A) Principal<\/span><\/strong><\/p>\n<p><strong><span style=\"font-size: 18pt; font-family: 'book antiqua', palatino, serif;\">\u00a0 \u00a0 \u00a0 \u00a0 \u00a0 \u00a0 \u00a0&#8211; 5.B) Gambito Fajarowicz<\/span><\/strong><\/td>\n<td style=\"width: 50%;\"><strong><span style=\"font-size: 18pt; font-family: 'book antiqua', palatino, serif;\">\u00a0\u00a0\u00a0\u00a0\u00a0\u00a0\u00a0\u00a0\u00a0\u00a0\u00a0 <span style=\"text-decoration: underline;\">6. Defensa Gr\u00fcnfeld<\/span><\/span><\/strong><\/p>\n<p><strong><span style=\"font-size: 18pt; font-family: 'book antiqua', palatino, serif;\">\u00a0 \u00a0 \u00a0 \u00a0 \u00a0 \u00a0 \u00a0&#8211; 6.A) Variante 9.Cd2<\/span><\/strong><\/td>\n<\/tr>\n<tr>\n<td style=\"width: 50%;\"><strong><span style=\"font-size: 18pt; font-family: 'book antiqua', palatino, serif;\">\u00a0\u00a0\u00a0\u00a0\u00a0\u00a0\u00a0\u00a0\u00a0\u00a0\u00a0\u00a0 <span style=\"text-decoration: underline;\">7. Ataque Bayonetta<\/span><\/span><\/strong><\/p>\n<p><strong><span style=\"font-size: 18pt; font-family: 'book antiqua', palatino, serif;\">\u00a0 \u00a0 \u00a0 \u00a0 \u00a0 \u00a0 \u00a0&#8211; 7.A) 9&#8230;Ch5<\/span><\/strong><\/p>\n<p><strong><span style=\"font-size: 18pt; font-family: 'book antiqua', palatino, serif;\">\u00a0 \u00a0 \u00a0 \u00a0 \u00a0 \u00a0 \u00a0&#8211; 7.B) 9&#8230;a5<\/span><\/strong><\/td>\n<td style=\"width: 50%;\"><strong><span style=\"font-size: 18pt; font-family: 'book antiqua', palatino, serif;\">\u00a0\u00a0\u00a0\u00a0\u00a0\u00a0\u00a0\u00a0\u00a0\u00a0\u00a0\u00a0 <span style=\"text-decoration: underline;\">8. Secundarias India de Rey<\/span><\/span><\/strong><\/p>\n<p><strong><span style=\"font-size: 18pt; font-family: 'book antiqua', palatino, serif;\">\u00a0 \u00a0 \u00a0 \u00a0 \u00a0 \u00a0 \u00a0&#8211; 8.A) 6&#8230;Ca6<\/span><\/strong><\/p>\n<p><strong><span style=\"font-size: 18pt; font-family: 'book antiqua', palatino, serif;\">\u00a0 \u00a0 \u00a0 \u00a0 \u00a0 \u00a0 \u00a0&#8211; 8.B) 6&#8230;c5<\/span><\/strong><\/p>\n<p><strong><span style=\"font-size: 18pt; font-family: 'book antiqua', palatino, serif;\">\u00a0 \u00a0 \u00a0 \u00a0 \u00a0 \u00a0 \u00a0&#8211; 8.C) 6&#8230;Cbd7<\/span><\/strong><\/td>\n<\/tr>\n<tr>\n<td style=\"width: 50%;\"><strong><span style=\"font-size: 18pt; font-family: 'book antiqua', palatino, serif;\">\u00a0\u00a0\u00a0\u00a0\u00a0\u00a0\u00a0\u00a0\u00a0\u00a0\u00a0\u00a0 <span style=\"text-decoration: underline;\">9. Sistemas con 2&#8230;e6<\/span><\/span><\/strong><\/p>\n<p><strong><span style=\"font-size: 18pt; font-family: 'book antiqua', palatino, serif;\">\u00a0 \u00a0 \u00a0 \u00a0 \u00a0 \u00a0 \u00a0&#8211; 9.A) Bogo-India<\/span><\/strong><\/p>\n<p><strong><span style=\"font-size: 18pt; font-family: 'book antiqua', palatino, serif;\">\u00a0 \u00a0 \u00a0 \u00a0 \u00a0 \u00a0 \u00a0&#8211; 9.B) India de Dama<\/span><\/strong><\/td>\n<td style=\"width: 50%;\"><strong><span style=\"font-size: 18pt; font-family: 'book antiqua', palatino, serif;\">\u00a0\u00a0\u00a0\u00a0\u00a0\u00a0\u00a0\u00a0\u00a0\u00a0\u00a0\u00a0 <span style=\"text-decoration: underline;\">10. La Holandesa<\/span><\/span><\/strong><\/p>\n<p><strong><span style=\"font-size: 18pt; font-family: 'book antiqua', palatino, serif;\">\u00a0 \u00a0 \u00a0 \u00a0 \u00a0 \u00a0 \u00a0&#8211; 10.A) Leningrado<\/span><\/strong><\/p>\n<p><strong><span style=\"font-size: 18pt; font-family: 'book antiqua', palatino, serif;\">\u00a0 \u00a0 \u00a0 \u00a0 \u00a0 \u00a0 \u00a0&#8211; 10.B) Variante antigua<\/span><\/strong><\/p>\n<p><strong><span style=\"font-size: 18pt; font-family: 'book antiqua', palatino, serif;\">\u00a0 \u00a0 \u00a0 \u00a0 \u00a0 \u00a0 \u00a0&#8211; 10.C) Muro de Piedra<\/span><\/strong><\/p>\n<p><strong><span style=\"font-size: 18pt; font-family: 'book antiqua', palatino, serif;\">\u00a0 \u00a0 \u00a0 \u00a0 \u00a0 \u00a0 \u00a0&#8211; 10.D) Otros<\/span><\/strong><\/td>\n<\/tr>\n<\/tbody>\n<\/table>","protected":false},"excerpt":{"rendered":"<p><span style=\"font-size: 14pt; font-family: arial, helvetica, sans-serif;\">En una \u00e9poca donde proliferan los an\u00e1lisis por computadora, el factor sorpresa en la apertura es fundamental. El Maestro Internacional Eric Sos, consciente de esto, ha formado un repertorio de aperturas buscando l\u00edneas agresivas y sorpresivas. El trabajo consiste en 27 cap\u00edtulos, donde el estudiante tendr\u00e1 acceso a explicaciones detalladas en v\u00eddeo por Eric. Adem\u00e1s, para ayudar en el aprendizaje, se facilita un visor en el que se podr\u00e1n reproducir las jugadas y leer los comentarios del autor. A todo esto se le incluye una zona interactiva donde, peri\u00f3dicamente, Eric y el equipo de Chessandmind responder\u00e1n a las dudas respecto al material de estudio. Si quieres tener un repertorio s\u00f3lido y repleto de ideas frescas, \u00a1este es tu curso!<\/span><\/p>","protected":false},"featured_media":16712,"comment_status":"open","ping_status":"closed","template":"","meta":{"_ppp_document_settings_meta":"","cybocfi_hide_featured_image":"yes"},"product_brand":[],"product_cat":[142],"product_tag":[],"class_list":{"0":"post-16283","1":"product","2":"type-product","3":"status-publish","4":"has-post-thumbnail","6":"product_cat-espanol","8":"first","9":"instock","10":"sale","11":"virtual","12":"purchasable","13":"product-type-simple","14":"customify-col","15":"product-has-gallery"},"_links":{"self":[{"href":"https:\/\/chessandmind.com\/en\/wp-json\/wp\/v2\/product\/16283","targetHints":{"allow":["GET"]}}],"collection":[{"href":"https:\/\/chessandmind.com\/en\/wp-json\/wp\/v2\/product"}],"about":[{"href":"https:\/\/chessandmind.com\/en\/wp-json\/wp\/v2\/types\/product"}],"replies":[{"embeddable":true,"href":"https:\/\/chessandmind.com\/en\/wp-json\/wp\/v2\/comments?post=16283"}],"wp:featuredmedia":[{"embeddable":true,"href":"https:\/\/chessandmind.com\/en\/wp-json\/wp\/v2\/media\/16712"}],"wp:attachment":[{"href":"https:\/\/chessandmind.com\/en\/wp-json\/wp\/v2\/media?parent=16283"}],"wp:term":[{"taxonomy":"product_brand","embeddable":true,"href":"https:\/\/chessandmind.com\/en\/wp-json\/wp\/v2\/product_brand?post=16283"},{"taxonomy":"product_cat","embeddable":true,"href":"https:\/\/chessandmind.com\/en\/wp-json\/wp\/v2\/product_cat?post=16283"},{"taxonomy":"product_tag","embeddable":true,"href":"https:\/\/chessandmind.com\/en\/wp-json\/wp\/v2\/product_tag?post=16283"}],"curies":[{"name":"wp","href":"https:\/\/api.w.org\/{rel}","templated":true}]}}