{"id":20362,"date":"2024-08-31T21:23:28","date_gmt":"2024-08-31T21:23:28","guid":{"rendered":"https:\/\/chessandmind.com\/?post_type=product&#038;p=20362"},"modified":"2025-05-30T21:52:46","modified_gmt":"2025-05-30T21:52:46","slug":"curso-de-estrategia-profundiza-en-conceptos","status":"publish","type":"product","link":"https:\/\/chessandmind.com\/en\/product\/curso-de-estrategia-profundiza-en-conceptos","title":{"rendered":"Curso de Estrategia Profundiza en Conceptos"},"content":{"rendered":"<p style=\"box-sizing: inherit; margin: 0px 0px 1.41575em; color: #000000; font-family: 'Playfair Display'; font-size: 14.4px; font-style: normal; font-variant-ligatures: normal; font-variant-caps: normal; font-weight: 400; letter-spacing: normal; orphans: 2; text-indent: 0px; text-transform: none; widows: 2; word-spacing: 0px; -webkit-text-stroke-width: 0px; white-space: normal; text-decoration-thickness: initial; text-decoration-style: initial; text-decoration-color: initial; text-align: center;\">Cuando yo era un jugador de unos 2100 puntos de elo Fide, fuertes maestros me dieron una serie de consejos de c\u00f3mo evaluar una posici\u00f3n y posteriormente desarrollar un plan. Los \u00f3rdenes de factores que hab\u00eda que examinar variaban ligeramente de un m\u00e9todo a otro, pero la esencia era similar en todos. Pasado el tiempo, trat\u00e9 de hacer mi propia f\u00f3rmula para entender el ajedrez. Lo cierto es que me encontr\u00e9 con dificultades enormes, \u00bfc\u00f3mo encuentran los mejores jugadores buenas jugadas? Cada vez que intentaba mecanizar mi proceso de pensamiento jugaba peor. A d\u00eda de hoy, creo que tengo claro que lo m\u00e1s productivo es \u201cmejorar tu instinto\u201d, esto es, ver cientos de patrones y guardarlos en lo m\u00e1s profundo de tu mente. Sin embargo, me resultar\u00eda dif\u00edcil dar con buenas jugadas si mi estudio no se hubiese sentado en unas bases s\u00f3lidas. Por lo tanto, en este primer curso de estrategia vamos a desarrollar un proceso sencillo para valorar las posiciones de ajedrez. Veremos pues, cuatro herramientas que nos ayuden a valorar una posici\u00f3n. En el primer cap\u00edtulo del curso, aprenderemos a desarrollar el m\u00e9todo.<\/p>\n<div class=\"wp-video\" style=\"box-sizing: inherit; text-align: center; margin-left: auto; margin-right: auto; max-width: 100%; height: auto; color: #000000; font-family: 'Playfair Display'; font-size: 14.4px; font-style: normal; font-variant-ligatures: normal; font-variant-caps: normal; font-weight: 400; letter-spacing: normal; orphans: 2; text-indent: 0px; text-transform: none; widows: 2; word-spacing: 0px; -webkit-text-stroke-width: 0px; white-space: normal; text-decoration-thickness: initial; text-decoration-style: initial; text-decoration-color: initial; width: 843px;\"><!--EndFragment--><\/div>","protected":false},"excerpt":{"rendered":"<p>Cuando yo era un jugador de unos 2100 puntos de elo Fide, fuertes maestros me dieron una serie de consejos de c\u00f3mo evaluar una posici\u00f3n&hellip;<\/p>","protected":false},"featured_media":20419,"comment_status":"open","ping_status":"closed","template":"","meta":{"_ppp_document_settings_meta":"","cybocfi_hide_featured_image":""},"product_brand":[],"product_cat":[142],"product_tag":[],"class_list":{"0":"post-20362","1":"product","2":"type-product","3":"status-publish","4":"has-post-thumbnail","6":"product_cat-espanol","8":"first","9":"instock","10":"sale","11":"virtual","12":"taxable","13":"purchasable","14":"product-type-simple","15":"customify-col","16":"product-has-gallery"},"_links":{"self":[{"href":"https:\/\/chessandmind.com\/en\/wp-json\/wp\/v2\/product\/20362","targetHints":{"allow":["GET"]}}],"collection":[{"href":"https:\/\/chessandmind.com\/en\/wp-json\/wp\/v2\/product"}],"about":[{"href":"https:\/\/chessandmind.com\/en\/wp-json\/wp\/v2\/types\/product"}],"replies":[{"embeddable":true,"href":"https:\/\/chessandmind.com\/en\/wp-json\/wp\/v2\/comments?post=20362"}],"wp:featuredmedia":[{"embeddable":true,"href":"https:\/\/chessandmind.com\/en\/wp-json\/wp\/v2\/media\/20419"}],"wp:attachment":[{"href":"https:\/\/chessandmind.com\/en\/wp-json\/wp\/v2\/media?parent=20362"}],"wp:term":[{"taxonomy":"product_brand","embeddable":true,"href":"https:\/\/chessandmind.com\/en\/wp-json\/wp\/v2\/product_brand?post=20362"},{"taxonomy":"product_cat","embeddable":true,"href":"https:\/\/chessandmind.com\/en\/wp-json\/wp\/v2\/product_cat?post=20362"},{"taxonomy":"product_tag","embeddable":true,"href":"https:\/\/chessandmind.com\/en\/wp-json\/wp\/v2\/product_tag?post=20362"}],"curies":[{"name":"wp","href":"https:\/\/api.w.org\/{rel}","templated":true}]}}